{"id":43,"date":"2015-09-22T14:43:18","date_gmt":"2015-09-22T12:43:18","guid":{"rendered":"http:\/\/www.tpv-avto.si\/si\/?page_id=43"},"modified":"2020-09-02T10:38:49","modified_gmt":"2020-09-02T08:38:49","slug":"mehanicna-delavnica","status":"publish","type":"page","link":"https:\/\/www.tpv-avto.si\/si\/servis\/mehanicna-delavnica\/","title":{"rendered":"Mehani\u010dna delavnica"},"content":{"rendered":"<div id='av_section_1'  class='avia-section main_color avia-section-no-padding avia-shadow av-parallax-section avia-bg-style-parallax  avia-builder-el-0  el_before_av_two_third  avia-builder-el-first   av-minimum-height av-minimum-height-custom  container_wrap fullsize' style=' '  data-section-bg-repeat='repeat-x'><div class='av-parallax' data-avia-parallax-ratio='0.3' ><div class='av-parallax-inner main_color ' style = 'background-repeat: repeat-x; background-image: url(https:\/\/www.tpv-avto.si\/si\/wp-content\/uploads\/sites\/2\/2015\/10\/tpv-avto-servis-mehanicna-delavnica.jpg);background-attachment: scroll; background-position: top center; ' ><\/div><\/div><div class='container' style='height:320px'><main  role=\"main\" itemprop=\"mainContentOfPage\"  class='template-page content  av-content-full alpha units'><div class='post-entry post-entry-type-page post-entry-43'><div class='entry-content-wrapper clearfix'>\n<section class=\"av_textblock_section \"  itemscope=\"itemscope\" itemtype=\"https:\/\/schema.org\/CreativeWork\" ><div class='avia_textblock  '   itemprop=\"text\" ><h1>Mehani\u010dna delavnica<\/h1>\n<\/div><\/section>\n<\/div><\/div><\/main><!-- close content main element --><\/div><\/div><div id='after_section_1'  class='main_color av_default_container_wrap container_wrap fullsize' style=' '  ><div class='container' ><div class='template-page content  av-content-full alpha units'><div class='post-entry post-entry-type-page post-entry-43'><div class='entry-content-wrapper clearfix'><div class=\"flex_column av_two_third  flex_column_div av-zero-column-padding first  avia-builder-el-2  el_after_av_section  el_before_av_one_third  avia-builder-el-first  \" style='border-radius:0px; '><section class=\"av_textblock_section \"  itemscope=\"itemscope\" itemtype=\"https:\/\/schema.org\/CreativeWork\" ><div class='avia_textblock  '   itemprop=\"text\" ><h2>Mehani\u010dna delavnica nudi zaokro\u017een nabor storitev za vzdr\u017eevanje va\u0161ega vozila.<\/h2>\n<h3>tel.: 07 39 18 108<\/h3>\n<ul>\n<li>Redni servisni pregled,<\/li>\n<li>popravilo vozila,<\/li>\n<li>servisni pregled in popravilo lahkih gospodarskih vozil,<\/li>\n<li>nakup in premonta\u017ea pnevmatik,<\/li>\n<li>krpanje pnevmatike,<\/li>\n<li>hranjenje gum izven sezone,<\/li>\n<li>nastavitev optike podvozja,<\/li>\n<li>pranje in \u010di\u0161\u010denje vozila,<\/li>\n<li>prodajo nadomestih delov, olja in \u0161e marsi\u010desa drugega za va\u0161e vozilo,<\/li>\n<li>nakup izdelkov iz programa Renault Boutique,<\/li>\n<li>vle\u010dno slu\u017ebo za prevoz pokvarjenega vozila.<\/li>\n<\/ul>\n<\/div><\/section><\/div><div class=\"flex_column av_one_third  flex_column_div av-zero-column-padding   avia-builder-el-4  el_after_av_two_third  el_before_av_promobox  \" style='border-radius:0px; '><article  class=\"iconbox iconbox_top main_color    avia-builder-el-5  avia-builder-el-no-sibling  \"  itemscope=\"itemscope\" itemtype=\"https:\/\/schema.org\/CreativeWork\" ><div class=\"iconbox_content\"><header class=\"entry-content-header\"><div class=\"iconbox_icon heading-color \" aria-hidden='true' data-av_icon='\ue855' data-av_iconfont='entypo-fontello'  ><\/div><h3 class='iconbox_content_title  '  itemprop=\"headline\"  >Vzdr\u017eevalni pregled<\/h3><\/header><div class='iconbox_content_container  '  itemprop=\"text\"  ><p><strong>Vzdr\u017eevalni pregled je prilo\u017enost, da natan\u010dno izveste, v kak\u0161ni &#8220;formi&#8221; je va\u0161e vozilo.<\/strong><\/p>\n<p>Upo\u0161tevajte priporo\u010dila o vzdr\u017eevanju in pripeljite svoje vozilo na vzdr\u017eevalni pregled v na\u0161o delavnico in tako podalj\u0161ajte njegovo \u017eivljenjsko dobo in zmogljivost.<\/p>\n<\/div><\/div><footer class=\"entry-footer\"><\/footer><\/article><\/div><\/p>\n\t<div   class='av_promobox  avia-button-yes   avia-builder-el-6  el_after_av_one_third  avia-builder-el-last '>\t\t<div class='avia-promocontent'><p>\nRezervirajte si servis va\u0161ega vozila in se izognite \u010dakalnim vrstam!<\/p>\n<\/div><div  class='avia-button-wrap avia-button-right ' ><a href='https:\/\/www.tpv-avto.si\/si\/servis\/narocanje-na-servis\/'  class='avia-button   avia-icon_select-no avia-color-theme-color avia-size-large avia-position-right '   ><span class='avia_iconbox_title' >Naro\u010dilo na servis<\/span><\/a><\/div>\t<\/div>\n","protected":false},"excerpt":{"rendered":"","protected":false},"author":1,"featured_media":0,"parent":41,"menu_order":10,"comment_status":"closed","ping_status":"closed","template":"","meta":[],"yoast_head":"<!-- This site is optimized with the Yoast SEO plugin v19.7.1 - https:\/\/yoast.com\/wordpress\/plugins\/seo\/ -->\n<title>Mehani\u010dna delavnica - TPV Avto<\/title>\n<meta name=\"description\" content=\"Mehani\u010dna delavnica v TPV Avtu nudi zaokro\u017een nabor storitev za vzdr\u017eevanje va\u0161ega vozila.\" \/>\n<meta name=\"robots\" content=\"index, follow, max-snippet:-1, max-image-preview:large, max-video-preview:-1\" \/>\n<link rel=\"canonical\" href=\"https:\/\/www.tpv-avto.si\/si\/servis\/mehanicna-delavnica\/\" \/>\n<meta property=\"og:locale\" content=\"sl_SI\" \/>\n<meta property=\"og:type\" content=\"article\" \/>\n<meta property=\"og:title\" content=\"Mehani\u010dna delavnica - TPV Avto\" \/>\n<meta property=\"og:description\" content=\"Mehani\u010dna delavnica v TPV Avtu nudi zaokro\u017een nabor storitev za vzdr\u017eevanje va\u0161ega vozila.\" \/>\n<meta property=\"og:url\" content=\"https:\/\/www.tpv-avto.si\/si\/servis\/mehanicna-delavnica\/\" \/>\n<meta property=\"og:site_name\" content=\"TPV Avto\" \/>\n<meta property=\"article:modified_time\" content=\"2020-09-02T08:38:49+00:00\" \/>\n<meta name=\"twitter:card\" content=\"summary\" \/>\n<meta name=\"twitter:label1\" content=\"Est. reading time\" \/>\n\t<meta name=\"twitter:data1\" content=\"2 minuti\" \/>\n<script type=\"application\/ld+json\" class=\"yoast-schema-graph\">{\"@context\":\"https:\/\/schema.org\",\"@graph\":[{\"@type\":\"WebPage\",\"@id\":\"https:\/\/www.tpv-avto.si\/si\/servis\/mehanicna-delavnica\/\",\"url\":\"https:\/\/www.tpv-avto.si\/si\/servis\/mehanicna-delavnica\/\",\"name\":\"Mehani\u010dna delavnica - TPV Avto\",\"isPartOf\":{\"@id\":\"https:\/\/www.tpv-avto.si\/si\/#website\"},\"datePublished\":\"2015-09-22T12:43:18+00:00\",\"dateModified\":\"2020-09-02T08:38:49+00:00\",\"description\":\"Mehani\u010dna delavnica v TPV Avtu nudi zaokro\u017een nabor storitev za vzdr\u017eevanje va\u0161ega vozila.\",\"breadcrumb\":{\"@id\":\"https:\/\/www.tpv-avto.si\/si\/servis\/mehanicna-delavnica\/#breadcrumb\"},\"inLanguage\":\"sl-SI\",\"potentialAction\":[{\"@type\":\"ReadAction\",\"target\":[\"https:\/\/www.tpv-avto.si\/si\/servis\/mehanicna-delavnica\/\"]}]},{\"@type\":\"BreadcrumbList\",\"@id\":\"https:\/\/www.tpv-avto.si\/si\/servis\/mehanicna-delavnica\/#breadcrumb\",\"itemListElement\":[{\"@type\":\"ListItem\",\"position\":1,\"name\":\"Home\",\"item\":\"https:\/\/www.tpv-avto.si\/si\/\"},{\"@type\":\"ListItem\",\"position\":2,\"name\":\"Servis\",\"item\":\"https:\/\/www.tpv-avto.si\/si\/servis\/\"},{\"@type\":\"ListItem\",\"position\":3,\"name\":\"Mehani\u010dna delavnica\"}]},{\"@type\":\"WebSite\",\"@id\":\"https:\/\/www.tpv-avto.si\/si\/#website\",\"url\":\"https:\/\/www.tpv-avto.si\/si\/\",\"name\":\"TPV Avto\",\"description\":\"TPV Avto, podjetje za tr\u017eenje in vzdr\u017eevanje vozil\",\"potentialAction\":[{\"@type\":\"SearchAction\",\"target\":{\"@type\":\"EntryPoint\",\"urlTemplate\":\"https:\/\/www.tpv-avto.si\/si\/?s={search_term_string}\"},\"query-input\":\"required name=search_term_string\"}],\"inLanguage\":\"sl-SI\"}]}<\/script>\n<!-- \/ Yoast SEO plugin. -->","yoast_head_json":{"title":"Mehani\u010dna delavnica - TPV Avto","description":"Mehani\u010dna delavnica v TPV Avtu nudi zaokro\u017een nabor storitev za vzdr\u017eevanje va\u0161ega vozila.","robots":{"index":"index","follow":"follow","max-snippet":"max-snippet:-1","max-image-preview":"max-image-preview:large","max-video-preview":"max-video-preview:-1"},"canonical":"https:\/\/www.tpv-avto.si\/si\/servis\/mehanicna-delavnica\/","og_locale":"sl_SI","og_type":"article","og_title":"Mehani\u010dna delavnica - TPV Avto","og_description":"Mehani\u010dna delavnica v TPV Avtu nudi zaokro\u017een nabor storitev za vzdr\u017eevanje va\u0161ega vozila.","og_url":"https:\/\/www.tpv-avto.si\/si\/servis\/mehanicna-delavnica\/","og_site_name":"TPV Avto","article_modified_time":"2020-09-02T08:38:49+00:00","twitter_card":"summary","twitter_misc":{"Est. reading time":"2 minuti"},"schema":{"@context":"https:\/\/schema.org","@graph":[{"@type":"WebPage","@id":"https:\/\/www.tpv-avto.si\/si\/servis\/mehanicna-delavnica\/","url":"https:\/\/www.tpv-avto.si\/si\/servis\/mehanicna-delavnica\/","name":"Mehani\u010dna delavnica - TPV Avto","isPartOf":{"@id":"https:\/\/www.tpv-avto.si\/si\/#website"},"datePublished":"2015-09-22T12:43:18+00:00","dateModified":"2020-09-02T08:38:49+00:00","description":"Mehani\u010dna delavnica v TPV Avtu nudi zaokro\u017een nabor storitev za vzdr\u017eevanje va\u0161ega vozila.","breadcrumb":{"@id":"https:\/\/www.tpv-avto.si\/si\/servis\/mehanicna-delavnica\/#breadcrumb"},"inLanguage":"sl-SI","potentialAction":[{"@type":"ReadAction","target":["https:\/\/www.tpv-avto.si\/si\/servis\/mehanicna-delavnica\/"]}]},{"@type":"BreadcrumbList","@id":"https:\/\/www.tpv-avto.si\/si\/servis\/mehanicna-delavnica\/#breadcrumb","itemListElement":[{"@type":"ListItem","position":1,"name":"Home","item":"https:\/\/www.tpv-avto.si\/si\/"},{"@type":"ListItem","position":2,"name":"Servis","item":"https:\/\/www.tpv-avto.si\/si\/servis\/"},{"@type":"ListItem","position":3,"name":"Mehani\u010dna delavnica"}]},{"@type":"WebSite","@id":"https:\/\/www.tpv-avto.si\/si\/#website","url":"https:\/\/www.tpv-avto.si\/si\/","name":"TPV Avto","description":"TPV Avto, podjetje za tr\u017eenje in vzdr\u017eevanje vozil","potentialAction":[{"@type":"SearchAction","target":{"@type":"EntryPoint","urlTemplate":"https:\/\/www.tpv-avto.si\/si\/?s={search_term_string}"},"query-input":"required name=search_term_string"}],"inLanguage":"sl-SI"}]}},"_links":{"self":[{"href":"https:\/\/www.tpv-avto.si\/si\/wp-json\/wp\/v2\/pages\/43"}],"collection":[{"href":"https:\/\/www.tpv-avto.si\/si\/wp-json\/wp\/v2\/pages"}],"about":[{"href":"https:\/\/www.tpv-avto.si\/si\/wp-json\/wp\/v2\/types\/page"}],"author":[{"embeddable":true,"href":"https:\/\/www.tpv-avto.si\/si\/wp-json\/wp\/v2\/users\/1"}],"replies":[{"embeddable":true,"href":"https:\/\/www.tpv-avto.si\/si\/wp-json\/wp\/v2\/comments?post=43"}],"version-history":[{"count":7,"href":"https:\/\/www.tpv-avto.si\/si\/wp-json\/wp\/v2\/pages\/43\/revisions"}],"predecessor-version":[{"id":1768,"href":"https:\/\/www.tpv-avto.si\/si\/wp-json\/wp\/v2\/pages\/43\/revisions\/1768"}],"up":[{"embeddable":true,"href":"https:\/\/www.tpv-avto.si\/si\/wp-json\/wp\/v2\/pages\/41"}],"wp:attachment":[{"href":"https:\/\/www.tpv-avto.si\/si\/wp-json\/wp\/v2\/media?parent=43"}],"curies":[{"name":"wp","href":"https:\/\/api.w.org\/{rel}","templated":true}]}}