{"id":57,"date":"2015-09-22T14:46:15","date_gmt":"2015-09-22T12:46:15","guid":{"rendered":"http:\/\/www.tpv-avto.si\/si\/?page_id=57"},"modified":"2020-09-02T10:42:52","modified_gmt":"2020-09-02T08:42:52","slug":"cenitev-poskodovanih-vozil","status":"publish","type":"page","link":"https:\/\/www.tpv-avto.si\/si\/storitve\/cenitev-poskodovanih-vozil\/","title":{"rendered":"Cenitev po\u0161kodovanih vozil"},"content":{"rendered":"<div id='av_section_1'  class='avia-section main_color avia-section-no-padding avia-shadow av-parallax-section avia-bg-style-parallax  avia-builder-el-0  el_before_av_one_full  avia-builder-el-first   av-minimum-height av-minimum-height-custom  container_wrap fullsize' style=' '  data-section-bg-repeat='repeat-x'><div class='av-parallax' data-avia-parallax-ratio='0.3' ><div class='av-parallax-inner main_color ' style = 'background-repeat: repeat-x; background-image: url(https:\/\/www.tpv-avto.si\/si\/wp-content\/uploads\/sites\/2\/2015\/10\/tpv-avto-storitve.jpg);background-attachment: scroll; background-position: top center; ' ><\/div><\/div><div class='container' style='height:320px'><main  role=\"main\" itemprop=\"mainContentOfPage\"  class='template-page content  av-content-full alpha units'><div class='post-entry post-entry-type-page post-entry-57'><div class='entry-content-wrapper clearfix'>\n<section class=\"av_textblock_section \"  itemscope=\"itemscope\" itemtype=\"https:\/\/schema.org\/CreativeWork\" ><div class='avia_textblock  '   itemprop=\"text\" ><h1>Cenitev po\u0161kodovanih vozil<\/h1>\n<\/div><\/section>\n<\/div><\/div><\/main><!-- close content main element --><\/div><\/div><div id='after_section_1'  class='main_color av_default_container_wrap container_wrap fullsize' style=' '  ><div class='container' ><div class='template-page content  av-content-full alpha units'><div class='post-entry post-entry-type-page post-entry-57'><div class='entry-content-wrapper clearfix'>\n<div class=\"flex_column av_one_full  flex_column_div av-zero-column-padding first  avia-builder-el-2  el_after_av_section  el_before_av_one_third  avia-builder-el-first  \" style='border-radius:0px; '><section class=\"av_textblock_section \"  itemscope=\"itemscope\" itemtype=\"https:\/\/schema.org\/CreativeWork\" ><div class='avia_textblock  '   itemprop=\"text\" ><h2>Poobla\u0161\u010deno cenilno mesto po\u0161kodovanih vozil<\/h2>\n<h3>tel.: 07 39 18 668 ali 051 658 992<\/h3>\n<p>V primeru po\u0161kodbe va\u0161ega vozila lahko pri nas opravite prav vse formalnosti, potrebne za popravilo vozila. Zavarovalnice vam ni potrebno obiskati, saj smo pogodbeno poobla\u0161\u010deni s strani naslednjih zavarovalnic: TRIGLAV, TILIA, ADRIATIC SLOVENICA, MARIBOR, GRAWE, GENERALI in ERGO ter ustrezno usposobljeni, da opravimo ogled in cenitev po\u0161kodb na vozilu.<\/p>\n<h2>6 razlogov zakaj izbrati cenilno mesto TPV Avto<\/h2>\n<\/div><\/section><\/div><div class=\"flex_column av_one_third  flex_column_div av-zero-column-padding first  avia-builder-el-4  el_after_av_one_full  el_before_av_one_third  column-top-margin\" style='border-radius:0px; '><article  class=\"iconbox iconbox_top main_color    avia-builder-el-5  avia-builder-el-no-sibling  \"  itemscope=\"itemscope\" itemtype=\"https:\/\/schema.org\/CreativeWork\" ><div class=\"iconbox_content\"><header class=\"entry-content-header\"><div class=\"iconbox_icon heading-color \" aria-hidden='true' data-av_icon='\ue80b' data-av_iconfont='entypo-fontello'  ><\/div><h3 class='iconbox_content_title  '  itemprop=\"headline\"  >Strokovna pomo\u010d<\/h3><\/header><div class='iconbox_content_container  '  itemprop=\"text\"  ><p>Nudimo vam strokovno pomo\u010d pri prijavi \u0161kode.<\/p>\n<\/div><\/div><footer class=\"entry-footer\"><\/footer><\/article><\/div><\/p>\n<div class=\"flex_column av_one_third  flex_column_div av-zero-column-padding   avia-builder-el-6  el_after_av_one_third  el_before_av_one_third  column-top-margin\" style='border-radius:0px; '><article  class=\"iconbox iconbox_top main_color    avia-builder-el-7  avia-builder-el-no-sibling  \"  itemscope=\"itemscope\" itemtype=\"https:\/\/schema.org\/CreativeWork\" ><div class=\"iconbox_content\"><header class=\"entry-content-header\"><div class=\"iconbox_icon heading-color \" aria-hidden='true' data-av_icon='\ue84e' data-av_iconfont='entypo-fontello'  ><\/div><h3 class='iconbox_content_title  '  itemprop=\"headline\"  >Obrazci<\/h3><\/header><div class='iconbox_content_container  '  itemprop=\"text\"  ><p>Svetovalec vam pomaga izpolniti obrazce.<\/p>\n<\/div><\/div><footer class=\"entry-footer\"><\/footer><\/article><\/div>\n<div class=\"flex_column av_one_third  flex_column_div av-zero-column-padding   avia-builder-el-8  el_after_av_one_third  el_before_av_one_third  column-top-margin\" style='border-radius:0px; '><article  class=\"iconbox iconbox_top main_color    avia-builder-el-9  avia-builder-el-no-sibling  \"  itemscope=\"itemscope\" itemtype=\"https:\/\/schema.org\/CreativeWork\" ><div class=\"iconbox_content\"><header class=\"entry-content-header\"><div class=\"iconbox_icon heading-color \" aria-hidden='true' data-av_icon='\ue862' data-av_iconfont='entypo-fontello'  ><\/div><h3 class='iconbox_content_title  '  itemprop=\"headline\"  >Hitro!<\/h3><\/header><div class='iconbox_content_container  '  itemprop=\"text\"  ><p>Prijavljena \u0161koda bo re\u0161ena v najkraj\u0161em \u010dasu.<\/p>\n<\/div><\/div><footer class=\"entry-footer\"><\/footer><\/article><\/div>\n<div class=\"flex_column av_one_third  flex_column_div av-zero-column-padding first  avia-builder-el-10  el_after_av_one_third  el_before_av_one_third  column-top-margin\" style='border-radius:0px; '><article  class=\"iconbox iconbox_top main_color    avia-builder-el-11  avia-builder-el-no-sibling  \"  itemscope=\"itemscope\" itemtype=\"https:\/\/schema.org\/CreativeWork\" ><div class=\"iconbox_content\"><header class=\"entry-content-header\"><div class=\"iconbox_icon heading-color \" aria-hidden='true' data-av_icon='\ue8d7' data-av_iconfont='entypo-fontello'  ><\/div><h3 class='iconbox_content_title  '  itemprop=\"headline\"  >Nadomestno vozilo<\/h3><\/header><div class='iconbox_content_container  '  itemprop=\"text\"  ><p>Zagotovimo vam nadomestno vozilo v primeru ustreznega zavarovanje.<\/p>\n<\/div><\/div><footer class=\"entry-footer\"><\/footer><\/article><\/div>\n<div class=\"flex_column av_one_third  flex_column_div av-zero-column-padding   avia-builder-el-12  el_after_av_one_third  el_before_av_one_third  column-top-margin\" style='border-radius:0px; '><article  class=\"iconbox iconbox_top main_color    avia-builder-el-13  avia-builder-el-no-sibling  \"  itemscope=\"itemscope\" itemtype=\"https:\/\/schema.org\/CreativeWork\" ><div class=\"iconbox_content\"><header class=\"entry-content-header\"><div class=\"iconbox_icon heading-color \" aria-hidden='true' data-av_icon='\ue855' data-av_iconfont='entypo-fontello'  ><\/div><h3 class='iconbox_content_title  '  itemprop=\"headline\"  >Strokovno popravilo<\/h3><\/header><div class='iconbox_content_container  '  itemprop=\"text\"  ><p>Strokovno izvedemo popravilo vozila z uporaba najbolj\u0161ih materialov.<\/p>\n<\/div><\/div><footer class=\"entry-footer\"><\/footer><\/article><\/div>\n<div class=\"flex_column av_one_third  flex_column_div av-zero-column-padding   avia-builder-el-14  el_after_av_one_third  el_before_av_one_third  column-top-margin\" style='border-radius:0px; '><article  class=\"iconbox iconbox_top main_color    avia-builder-el-15  avia-builder-el-no-sibling  \"  itemscope=\"itemscope\" itemtype=\"https:\/\/schema.org\/CreativeWork\" ><div class=\"iconbox_content\"><header class=\"entry-content-header\"><div class=\"iconbox_icon heading-color \" aria-hidden='true' data-av_icon='\ue821' data-av_iconfont='entypo-fontello'  ><\/div><h3 class='iconbox_content_title  '  itemprop=\"headline\"  >Na enem mestu<\/h3><\/header><div class='iconbox_content_container  '  itemprop=\"text\"  ><p>Prihranite \u010das, saj vse opravite na enem mestu.<\/p>\n<\/div><\/div><footer class=\"entry-footer\"><\/footer><\/article><\/div>\n<div class=\"flex_column av_one_third  flex_column_div av-zero-column-padding first  avia-builder-el-16  el_after_av_one_third  el_before_av_one_third  column-top-margin\" style='border-radius:0px; '><div  class='avia-image-container  av-styling-    avia-builder-el-17  avia-builder-el-no-sibling  avia-align-center '  itemprop=\"image\" itemscope=\"itemscope\" itemtype=\"https:\/\/schema.org\/ImageObject\"  ><div class='avia-image-container-inner'><div class='avia-image-overlay-wrap'><img class='avia_image' src='https:\/\/www.tpv-avto.si\/si\/wp-content\/uploads\/sites\/2\/2015\/09\/zavarovalnica-triglav.jpg' alt='Zavarovalnica Triglav' title='Zavarovalnica Triglav' height=\"90\" width=\"253\"  itemprop=\"thumbnailUrl\"  \/><\/div><\/div><\/div><\/div>\n<div class=\"flex_column av_one_third  flex_column_div av-zero-column-padding   avia-builder-el-18  el_after_av_one_third  el_before_av_one_third  column-top-margin\" style='border-radius:0px; '><div  class='avia-image-container  av-styling-    avia-builder-el-19  avia-builder-el-no-sibling  avia-align-center '  itemprop=\"image\" itemscope=\"itemscope\" itemtype=\"https:\/\/schema.org\/ImageObject\"  ><div class='avia-image-container-inner'><div class='avia-image-overlay-wrap'><img class='avia_image' src='https:\/\/www.tpv-avto.si\/si\/wp-content\/uploads\/sites\/2\/2015\/09\/zavarovalnica-tilia.jpg' alt='Zavarovalnica Tilia' title='Zavarovalnica Tilia' height=\"90\" width=\"253\"  itemprop=\"thumbnailUrl\"  \/><\/div><\/div><\/div><\/div>\n<div class=\"flex_column av_one_third  flex_column_div av-zero-column-padding   avia-builder-el-20  el_after_av_one_third  el_before_av_one_fourth  column-top-margin\" style='border-radius:0px; '><div  class='avia-image-container  av-styling-    avia-builder-el-21  avia-builder-el-no-sibling  avia-align-center '  itemprop=\"image\" itemscope=\"itemscope\" itemtype=\"https:\/\/schema.org\/ImageObject\"  ><div class='avia-image-container-inner'><div class='avia-image-overlay-wrap'><img class='avia_image' src='https:\/\/www.tpv-avto.si\/si\/wp-content\/uploads\/sites\/2\/2015\/09\/zavarovalnica-as.jpg' alt='Zavarovalnica AS' title='Zavarovalnica AS' height=\"90\" width=\"253\"  itemprop=\"thumbnailUrl\"  \/><\/div><\/div><\/div><\/div>\n<div class=\"flex_column av_one_fourth  flex_column_div av-zero-column-padding first  avia-builder-el-22  el_after_av_one_third  el_before_av_one_fourth  column-top-margin\" style='border-radius:0px; '><div  class='avia-image-container  av-styling-    avia-builder-el-23  avia-builder-el-no-sibling  avia-align-center '  itemprop=\"image\" itemscope=\"itemscope\" itemtype=\"https:\/\/schema.org\/ImageObject\"  ><div class='avia-image-container-inner'><div class='avia-image-overlay-wrap'><img class='avia_image' src='https:\/\/www.tpv-avto.si\/si\/wp-content\/uploads\/sites\/2\/2015\/09\/zavarovalnica-maribor.jpg' alt='Zavarovalnica Maribor' title='Zavarovalnica Maribor' height=\"90\" width=\"177\"  itemprop=\"thumbnailUrl\"  \/><\/div><\/div><\/div><\/div>\n<div class=\"flex_column av_one_fourth  flex_column_div av-zero-column-padding   avia-builder-el-24  el_after_av_one_fourth  el_before_av_one_fourth  column-top-margin\" style='border-radius:0px; '><div  class='avia-image-container  av-styling-    avia-builder-el-25  avia-builder-el-no-sibling  avia-align-center '  itemprop=\"image\" itemscope=\"itemscope\" itemtype=\"https:\/\/schema.org\/ImageObject\"  ><div class='avia-image-container-inner'><div class='avia-image-overlay-wrap'><img class='avia_image' src='https:\/\/www.tpv-avto.si\/si\/wp-content\/uploads\/sites\/2\/2015\/09\/zavarovalnica-generali.jpg' alt='Zavarovalnica Generali' title='Zavarovalnica Generali' height=\"90\" width=\"177\"  itemprop=\"thumbnailUrl\"  \/><\/div><\/div><\/div><\/div>\n<div class=\"flex_column av_one_fourth  flex_column_div av-zero-column-padding   avia-builder-el-26  el_after_av_one_fourth  el_before_av_one_fourth  column-top-margin\" style='border-radius:0px; '><div  class='avia-image-container  av-styling-    avia-builder-el-27  avia-builder-el-no-sibling  avia-align-center '  itemprop=\"image\" itemscope=\"itemscope\" itemtype=\"https:\/\/schema.org\/ImageObject\"  ><div class='avia-image-container-inner'><div class='avia-image-overlay-wrap'><img class='avia_image' src='https:\/\/www.tpv-avto.si\/si\/wp-content\/uploads\/sites\/2\/2015\/09\/zavarovalnica-grawe.jpg' alt='Zavarovalnica Grawe' title='Zavarovalnica Grawe' height=\"90\" width=\"177\"  itemprop=\"thumbnailUrl\"  \/><\/div><\/div><\/div><\/div>\n<div class=\"flex_column av_one_fourth  flex_column_div av-zero-column-padding   avia-builder-el-28  el_after_av_one_fourth  avia-builder-el-last  column-top-margin\" style='border-radius:0px; '><div  class='avia-image-container  av-styling-    avia-builder-el-29  avia-builder-el-no-sibling  avia-align-center '  itemprop=\"image\" itemscope=\"itemscope\" itemtype=\"https:\/\/schema.org\/ImageObject\"  ><div class='avia-image-container-inner'><div class='avia-image-overlay-wrap'><img class='avia_image' src='https:\/\/www.tpv-avto.si\/si\/wp-content\/uploads\/sites\/2\/2015\/09\/zavarovalnica-ergo.jpg' alt='Zavarovalnica Ergo' title='Zavarovalnica Ergo' height=\"90\" width=\"177\"  itemprop=\"thumbnailUrl\"  \/><\/div><\/div><\/div><\/div>\n","protected":false},"excerpt":{"rendered":"","protected":false},"author":1,"featured_media":0,"parent":51,"menu_order":20,"comment_status":"closed","ping_status":"closed","template":"","meta":[],"yoast_head":"<!-- This site is optimized with the Yoast SEO plugin v19.7.1 - https:\/\/yoast.com\/wordpress\/plugins\/seo\/ -->\n<title>Cenitev po\u0161kodovanih vozil - TPV Avto<\/title>\n<meta name=\"robots\" content=\"index, follow, max-snippet:-1, max-image-preview:large, max-video-preview:-1\" \/>\n<link rel=\"canonical\" href=\"https:\/\/www.tpv-avto.si\/si\/storitve\/cenitev-poskodovanih-vozil\/\" \/>\n<meta property=\"og:locale\" content=\"sl_SI\" \/>\n<meta property=\"og:type\" content=\"article\" \/>\n<meta property=\"og:title\" content=\"Cenitev po\u0161kodovanih vozil - TPV Avto\" \/>\n<meta property=\"og:url\" content=\"https:\/\/www.tpv-avto.si\/si\/storitve\/cenitev-poskodovanih-vozil\/\" \/>\n<meta property=\"og:site_name\" content=\"TPV Avto\" \/>\n<meta property=\"article:modified_time\" content=\"2020-09-02T08:42:52+00:00\" \/>\n<meta name=\"twitter:card\" content=\"summary\" \/>\n<meta name=\"twitter:label1\" content=\"Est. reading time\" \/>\n\t<meta name=\"twitter:data1\" content=\"7 minut\" \/>\n<script type=\"application\/ld+json\" class=\"yoast-schema-graph\">{\"@context\":\"https:\/\/schema.org\",\"@graph\":[{\"@type\":\"WebPage\",\"@id\":\"https:\/\/www.tpv-avto.si\/si\/storitve\/cenitev-poskodovanih-vozil\/\",\"url\":\"https:\/\/www.tpv-avto.si\/si\/storitve\/cenitev-poskodovanih-vozil\/\",\"name\":\"Cenitev po\u0161kodovanih vozil - TPV Avto\",\"isPartOf\":{\"@id\":\"https:\/\/www.tpv-avto.si\/si\/#website\"},\"datePublished\":\"2015-09-22T12:46:15+00:00\",\"dateModified\":\"2020-09-02T08:42:52+00:00\",\"breadcrumb\":{\"@id\":\"https:\/\/www.tpv-avto.si\/si\/storitve\/cenitev-poskodovanih-vozil\/#breadcrumb\"},\"inLanguage\":\"sl-SI\",\"potentialAction\":[{\"@type\":\"ReadAction\",\"target\":[\"https:\/\/www.tpv-avto.si\/si\/storitve\/cenitev-poskodovanih-vozil\/\"]}]},{\"@type\":\"BreadcrumbList\",\"@id\":\"https:\/\/www.tpv-avto.si\/si\/storitve\/cenitev-poskodovanih-vozil\/#breadcrumb\",\"itemListElement\":[{\"@type\":\"ListItem\",\"position\":1,\"name\":\"Home\",\"item\":\"https:\/\/www.tpv-avto.si\/si\/\"},{\"@type\":\"ListItem\",\"position\":2,\"name\":\"Storitve\",\"item\":\"https:\/\/www.tpv-avto.si\/si\/storitve\/\"},{\"@type\":\"ListItem\",\"position\":3,\"name\":\"Cenitev po\u0161kodovanih vozil\"}]},{\"@type\":\"WebSite\",\"@id\":\"https:\/\/www.tpv-avto.si\/si\/#website\",\"url\":\"https:\/\/www.tpv-avto.si\/si\/\",\"name\":\"TPV Avto\",\"description\":\"TPV Avto, podjetje za tr\u017eenje in vzdr\u017eevanje vozil\",\"potentialAction\":[{\"@type\":\"SearchAction\",\"target\":{\"@type\":\"EntryPoint\",\"urlTemplate\":\"https:\/\/www.tpv-avto.si\/si\/?s={search_term_string}\"},\"query-input\":\"required name=search_term_string\"}],\"inLanguage\":\"sl-SI\"}]}<\/script>\n<!-- \/ Yoast SEO plugin. -->","yoast_head_json":{"title":"Cenitev po\u0161kodovanih vozil - TPV Avto","robots":{"index":"index","follow":"follow","max-snippet":"max-snippet:-1","max-image-preview":"max-image-preview:large","max-video-preview":"max-video-preview:-1"},"canonical":"https:\/\/www.tpv-avto.si\/si\/storitve\/cenitev-poskodovanih-vozil\/","og_locale":"sl_SI","og_type":"article","og_title":"Cenitev po\u0161kodovanih vozil - TPV Avto","og_url":"https:\/\/www.tpv-avto.si\/si\/storitve\/cenitev-poskodovanih-vozil\/","og_site_name":"TPV Avto","article_modified_time":"2020-09-02T08:42:52+00:00","twitter_card":"summary","twitter_misc":{"Est. reading time":"7 minut"},"schema":{"@context":"https:\/\/schema.org","@graph":[{"@type":"WebPage","@id":"https:\/\/www.tpv-avto.si\/si\/storitve\/cenitev-poskodovanih-vozil\/","url":"https:\/\/www.tpv-avto.si\/si\/storitve\/cenitev-poskodovanih-vozil\/","name":"Cenitev po\u0161kodovanih vozil - TPV Avto","isPartOf":{"@id":"https:\/\/www.tpv-avto.si\/si\/#website"},"datePublished":"2015-09-22T12:46:15+00:00","dateModified":"2020-09-02T08:42:52+00:00","breadcrumb":{"@id":"https:\/\/www.tpv-avto.si\/si\/storitve\/cenitev-poskodovanih-vozil\/#breadcrumb"},"inLanguage":"sl-SI","potentialAction":[{"@type":"ReadAction","target":["https:\/\/www.tpv-avto.si\/si\/storitve\/cenitev-poskodovanih-vozil\/"]}]},{"@type":"BreadcrumbList","@id":"https:\/\/www.tpv-avto.si\/si\/storitve\/cenitev-poskodovanih-vozil\/#breadcrumb","itemListElement":[{"@type":"ListItem","position":1,"name":"Home","item":"https:\/\/www.tpv-avto.si\/si\/"},{"@type":"ListItem","position":2,"name":"Storitve","item":"https:\/\/www.tpv-avto.si\/si\/storitve\/"},{"@type":"ListItem","position":3,"name":"Cenitev po\u0161kodovanih vozil"}]},{"@type":"WebSite","@id":"https:\/\/www.tpv-avto.si\/si\/#website","url":"https:\/\/www.tpv-avto.si\/si\/","name":"TPV Avto","description":"TPV Avto, podjetje za tr\u017eenje in vzdr\u017eevanje vozil","potentialAction":[{"@type":"SearchAction","target":{"@type":"EntryPoint","urlTemplate":"https:\/\/www.tpv-avto.si\/si\/?s={search_term_string}"},"query-input":"required name=search_term_string"}],"inLanguage":"sl-SI"}]}},"_links":{"self":[{"href":"https:\/\/www.tpv-avto.si\/si\/wp-json\/wp\/v2\/pages\/57"}],"collection":[{"href":"https:\/\/www.tpv-avto.si\/si\/wp-json\/wp\/v2\/pages"}],"about":[{"href":"https:\/\/www.tpv-avto.si\/si\/wp-json\/wp\/v2\/types\/page"}],"author":[{"embeddable":true,"href":"https:\/\/www.tpv-avto.si\/si\/wp-json\/wp\/v2\/users\/1"}],"replies":[{"embeddable":true,"href":"https:\/\/www.tpv-avto.si\/si\/wp-json\/wp\/v2\/comments?post=57"}],"version-history":[{"count":8,"href":"https:\/\/www.tpv-avto.si\/si\/wp-json\/wp\/v2\/pages\/57\/revisions"}],"predecessor-version":[{"id":1772,"href":"https:\/\/www.tpv-avto.si\/si\/wp-json\/wp\/v2\/pages\/57\/revisions\/1772"}],"up":[{"embeddable":true,"href":"https:\/\/www.tpv-avto.si\/si\/wp-json\/wp\/v2\/pages\/51"}],"wp:attachment":[{"href":"https:\/\/www.tpv-avto.si\/si\/wp-json\/wp\/v2\/media?parent=57"}],"curies":[{"name":"wp","href":"https:\/\/api.w.org\/{rel}","templated":true}]}}