{"id":764,"date":"2017-05-11T14:26:50","date_gmt":"2017-05-11T12:26:50","guid":{"rendered":"http:\/\/www.tpv-avto.si\/si\/?page_id=764"},"modified":"2017-05-16T07:22:25","modified_gmt":"2017-05-16T05:22:25","slug":"politika-okolja-in-kakovosti","status":"publish","type":"page","link":"https:\/\/www.tpv-avto.si\/si\/o-nas\/politika-okolja-in-kakovosti\/","title":{"rendered":"Politika okolja in kakovosti"},"content":{"rendered":"<div id='av_section_1'  class='avia-section main_color avia-section-no-padding avia-shadow avia-bg-style-scroll  avia-builder-el-0  el_before_av_one_full  avia-builder-el-first   av-minimum-height av-minimum-height-custom  container_wrap fullsize' style='background-repeat: repeat-x; background-image: url(https:\/\/www.tpv-avto.si\/si\/wp-content\/uploads\/sites\/2\/2015\/09\/tpv-avto-o-nas.jpg);background-attachment: scroll; background-position: top center;  '  data-section-bg-repeat='repeat-x'><div class='container' style='height:320px'><main  role=\"main\" itemprop=\"mainContentOfPage\"  class='template-page content  av-content-full alpha units'><div class='post-entry post-entry-type-page post-entry-764'><div class='entry-content-wrapper clearfix'>\n<section class=\"av_textblock_section \"  itemscope=\"itemscope\" itemtype=\"https:\/\/schema.org\/CreativeWork\" ><div class='avia_textblock  '   itemprop=\"text\" ><h1>Politika okolja in kakovosti TPV AVTO d.o.o.<\/h1>\n<\/div><\/section>\n<\/div><\/div><\/main><!-- close content main element --><\/div><\/div><div id='after_section_1'  class='main_color av_default_container_wrap container_wrap fullsize' style=' '  ><div class='container' ><div class='template-page content  av-content-full alpha units'><div class='post-entry post-entry-type-page post-entry-764'><div class='entry-content-wrapper clearfix'>\n<div class=\"flex_column av_one_full  flex_column_div av-zero-column-padding first  avia-builder-el-2  el_after_av_section  el_before_av_one_fourth  avia-builder-el-first  \" style='border-radius:0px; '><section class=\"av_textblock_section \"  itemscope=\"itemscope\" itemtype=\"https:\/\/schema.org\/CreativeWork\" ><div class='avia_textblock  '   itemprop=\"text\" ><h2>V TPV AVTO smo odlo\u010dni na poti odli\u010dnosti. To je zaveza vodstva in vseh zaposlenih. Ustvarjamo prepoznaven na\u010din delovanja in kulturo podjetja, ki nas uvr\u0161\u010da med cenjene partnerje pri vseh dele\u017enikih s katerimi sodelujemo. Odjemalce navdu\u0161ujemo z inovativnimi pristopi in slehernim preseganjem njihovih pri\u010dakovanj.<\/h2>\n<p>Verjamemo v na\u0161o vizijo in poslanstvo, ki ju udejanjamo na temelju na\u0161ih vrednot in strate\u0161kih usmeritev. Inovativnost je gonilo na\u0161ega napredka. <strong>S ciljno usmerjenim vodenjem in vodenjem z vzgledom ustvarjamo kolektiv visoko zavzetih zaposlenih ter pogoje za doseganje dolgoro\u010dnih strate\u0161kih ciljev.<\/strong><\/p>\n<p>Spodbujamo konstruktivna vedenja, ki so usmerjena k u\u010dinkovitemu delovanju, osebnem in karier-nemu razvoju, uspe\u0161nemu sodelovanju z drugimi ter razvoju pristnih medsebojnih odnosov. Gojimo visoke eti\u010dne in moralne standarde in smo odprti do druga\u010dnosti. Komuniciramo u\u010dinkovito in spo\u0161tljivo. <strong>Smo inovativni, proaktivni in prilagodljivi.<\/strong><\/p>\n<p>Lastne sisteme delovanja nenehno vrednotimo in izbolj\u0161ujemo. Sistemsko pristopamo k prepoznavanju in zmanj\u0161evanju tveganj. <strong>Zavedamo se izjemnega pomena avtomatizacije in digi-talizacije poslovnih procesov, nove tehnolo\u0161ke in poslovne re\u0161itve aktivno uvajamo v na\u0161e poslovanje.<\/strong> Upo\u0161tevamo in izpolnjujemo zakonske in ostale zahteve po skladnosti.<\/p>\n<p>Nenehno preseganje zahtev po kakovosti razumemo kot klju\u010dno gonilo napredka podjetja:<\/p>\n<ul>\n<li>Preseganje zahtev po kakovosti spodbujamo tako pri notranjih kot zunanjih odjemalcih.<\/li>\n<li><strong>Uveljavljamo filozofijo ni\u010d napak.<\/strong><\/li>\n<li>Stremimo k nenehnemu izbolj\u0161evanju in odli\u010dnosti.<\/li>\n<\/ul>\n<p>Zavezani smo k varovanju okolja. Zavedamo se dolgoro\u010dnega pomena odnosa do okolja, vire na\u010drtujemo in uporabljamo premi\u0161ljeno in odgovorno:<\/p>\n<ul>\n<li><strong>Odgovoren odnos do okolja je zaveza vsakega zaposlenega tako znotraj kot zunaj podjetja.<\/strong><\/li>\n<li>Sistemati\u010dno in proaktivno zmanj\u0161ujemo vplive na okolje.<\/li>\n<li>Skrbimo za delovanje brez okoljskih nezgod.<\/li>\n<\/ul>\n<p>Z najve\u010djo skrbnostjo na\u010drtujemo in zagotavljamo varno delovno okolje:<\/p>\n<ul>\n<li><strong>Odgovoren odnos do varnosti pri delu je zaveza vsakega zaposlenega.<\/strong><\/li>\n<li>Delujemo preventivno, prepre\u010dujemo mo\u017enosti nastanka delovnih nezgod in zdravstvenih okvar.<\/li>\n<li>Skrbimo za delovanje brez delovnih nezgod.<\/li>\n<li>Gojimo ni\u010delno toleranco do dela pod vplivom alkohola in psihoaktivnih snovi ter spodbujamo zdrav \u017eivljenjski slog.<\/li>\n<\/ul>\n<p>Zahteve, izzive in dobre prakse, s katerimi se soo\u010damo, z odprtim pristopom prena\u0161amo na vse dele\u017enike, s katerimi gradimo skupno prihodnost.<\/p>\n<p>Politika TPV AVTO d.o.o. je javni dokument.<\/p>\n<p>Novo mesto, marec 2017<\/p>\n<p>Direktor<br \/>\nMarko Zadel<\/p>\n<p><a href=\"https:\/\/www.tpv-avto.si\/si\/wp-content\/uploads\/sites\/2\/2017\/05\/podpis-Marko-ZADEL.png\"><img loading=\"lazy\" class=\"alignleft wp-image-789\" src=\"https:\/\/www.tpv-avto.si\/si\/wp-content\/uploads\/sites\/2\/2017\/05\/podpis-Marko-ZADEL.png\" alt=\"\" width=\"141\" height=\"81\" srcset=\"https:\/\/www.tpv-avto.si\/si\/wp-content\/uploads\/sites\/2\/2017\/05\/podpis-Marko-ZADEL.png 484w, https:\/\/www.tpv-avto.si\/si\/wp-content\/uploads\/sites\/2\/2017\/05\/podpis-Marko-ZADEL-300x173.png 300w, https:\/\/www.tpv-avto.si\/si\/wp-content\/uploads\/sites\/2\/2017\/05\/podpis-Marko-ZADEL-450x259.png 450w\" sizes=\"(max-width: 141px) 100vw, 141px\" \/><\/a><\/p>\n<\/div><\/section><\/div><div class=\"flex_column av_one_fourth  flex_column_div av-zero-column-padding first  avia-builder-el-4  el_after_av_one_full  avia-builder-el-last  column-top-margin\" style='border-radius:0px; '><p><div  class='avia-image-container  av-styling-    avia-builder-el-5  el_before_av_textblock  avia-builder-el-first  avia-align-center '  itemprop=\"image\" itemscope=\"itemscope\" itemtype=\"https:\/\/schema.org\/ImageObject\"  ><div class='avia-image-container-inner'><div class='avia-image-overlay-wrap'><a href='\/si\/wp-content\/uploads\/sites\/2\/2017\/05\/tpv-avto-politika-kakovosti.pdf' class='avia_image' target=\"_blank\" rel=\"noopener\"><img class='avia_image ' src='https:\/\/www.tpv-avto.si\/si\/wp-content\/uploads\/sites\/2\/2017\/05\/tpv-avto-politika-kakovosti.jpg' alt='Politika okolja in kakovosti' title='Politika okolja in kakovosti'  itemprop=\"thumbnailUrl\"  \/><\/a><\/div><\/div><\/div><br \/>\n<section class=\"av_textblock_section \"  itemscope=\"itemscope\" itemtype=\"https:\/\/schema.org\/CreativeWork\" ><div class='avia_textblock  '   itemprop=\"text\" ><h3>Politika okolja in kakovosti<\/h3>\n<\/div><\/section><\/p><\/div><\/p>\n","protected":false},"excerpt":{"rendered":"","protected":false},"author":1,"featured_media":0,"parent":61,"menu_order":10,"comment_status":"closed","ping_status":"closed","template":"","meta":[],"yoast_head":"<!-- This site is optimized with the Yoast SEO plugin v19.7.1 - https:\/\/yoast.com\/wordpress\/plugins\/seo\/ -->\n<title>Politika okolja in kakovosti - TPV Avto<\/title>\n<meta name=\"description\" content=\"Politika okolja in kakovosti - V TPV AVTO smo odlo\u010dni na poti odli\u010dnosti. Prepoznaven na\u010din delovanja in kultura podjetja nas uvr\u0161\u010data med cenjene partnerje.\" \/>\n<meta name=\"robots\" content=\"index, follow, max-snippet:-1, max-image-preview:large, max-video-preview:-1\" \/>\n<link rel=\"canonical\" href=\"https:\/\/www.tpv-avto.si\/si\/o-nas\/politika-okolja-in-kakovosti\/\" \/>\n<meta property=\"og:locale\" content=\"sl_SI\" \/>\n<meta property=\"og:type\" content=\"article\" \/>\n<meta property=\"og:title\" content=\"Politika okolja in kakovosti - TPV Avto\" \/>\n<meta property=\"og:description\" content=\"Politika okolja in kakovosti - V TPV AVTO smo odlo\u010dni na poti odli\u010dnosti. Prepoznaven na\u010din delovanja in kultura podjetja nas uvr\u0161\u010data med cenjene partnerje.\" \/>\n<meta property=\"og:url\" content=\"https:\/\/www.tpv-avto.si\/si\/o-nas\/politika-okolja-in-kakovosti\/\" \/>\n<meta property=\"og:site_name\" content=\"TPV Avto\" \/>\n<meta property=\"article:modified_time\" content=\"2017-05-16T05:22:25+00:00\" \/>\n<meta property=\"og:image\" content=\"https:\/\/www.tpv-avto.si\/si\/wp-content\/uploads\/sites\/2\/2017\/05\/podpis-Marko-ZADEL.png\" \/>\n<meta name=\"twitter:card\" content=\"summary\" \/>\n<meta name=\"twitter:label1\" content=\"Est. reading time\" \/>\n\t<meta name=\"twitter:data1\" content=\"3 minute\" \/>\n<script type=\"application\/ld+json\" class=\"yoast-schema-graph\">{\"@context\":\"https:\/\/schema.org\",\"@graph\":[{\"@type\":\"WebPage\",\"@id\":\"https:\/\/www.tpv-avto.si\/si\/o-nas\/politika-okolja-in-kakovosti\/\",\"url\":\"https:\/\/www.tpv-avto.si\/si\/o-nas\/politika-okolja-in-kakovosti\/\",\"name\":\"Politika okolja in kakovosti - TPV Avto\",\"isPartOf\":{\"@id\":\"https:\/\/www.tpv-avto.si\/si\/#website\"},\"datePublished\":\"2017-05-11T12:26:50+00:00\",\"dateModified\":\"2017-05-16T05:22:25+00:00\",\"description\":\"Politika okolja in kakovosti - V TPV AVTO smo odlo\u010dni na poti odli\u010dnosti. Prepoznaven na\u010din delovanja in kultura podjetja nas uvr\u0161\u010data med cenjene partnerje.\",\"breadcrumb\":{\"@id\":\"https:\/\/www.tpv-avto.si\/si\/o-nas\/politika-okolja-in-kakovosti\/#breadcrumb\"},\"inLanguage\":\"sl-SI\",\"potentialAction\":[{\"@type\":\"ReadAction\",\"target\":[\"https:\/\/www.tpv-avto.si\/si\/o-nas\/politika-okolja-in-kakovosti\/\"]}]},{\"@type\":\"BreadcrumbList\",\"@id\":\"https:\/\/www.tpv-avto.si\/si\/o-nas\/politika-okolja-in-kakovosti\/#breadcrumb\",\"itemListElement\":[{\"@type\":\"ListItem\",\"position\":1,\"name\":\"Home\",\"item\":\"https:\/\/www.tpv-avto.si\/si\/\"},{\"@type\":\"ListItem\",\"position\":2,\"name\":\"O nas\",\"item\":\"https:\/\/www.tpv-avto.si\/si\/o-nas\/\"},{\"@type\":\"ListItem\",\"position\":3,\"name\":\"Politika okolja in kakovosti\"}]},{\"@type\":\"WebSite\",\"@id\":\"https:\/\/www.tpv-avto.si\/si\/#website\",\"url\":\"https:\/\/www.tpv-avto.si\/si\/\",\"name\":\"TPV Avto\",\"description\":\"TPV Avto, podjetje za tr\u017eenje in vzdr\u017eevanje vozil\",\"potentialAction\":[{\"@type\":\"SearchAction\",\"target\":{\"@type\":\"EntryPoint\",\"urlTemplate\":\"https:\/\/www.tpv-avto.si\/si\/?s={search_term_string}\"},\"query-input\":\"required name=search_term_string\"}],\"inLanguage\":\"sl-SI\"}]}<\/script>\n<!-- \/ Yoast SEO plugin. -->","yoast_head_json":{"title":"Politika okolja in kakovosti - TPV Avto","description":"Politika okolja in kakovosti - V TPV AVTO smo odlo\u010dni na poti odli\u010dnosti. Prepoznaven na\u010din delovanja in kultura podjetja nas uvr\u0161\u010data med cenjene partnerje.","robots":{"index":"index","follow":"follow","max-snippet":"max-snippet:-1","max-image-preview":"max-image-preview:large","max-video-preview":"max-video-preview:-1"},"canonical":"https:\/\/www.tpv-avto.si\/si\/o-nas\/politika-okolja-in-kakovosti\/","og_locale":"sl_SI","og_type":"article","og_title":"Politika okolja in kakovosti - TPV Avto","og_description":"Politika okolja in kakovosti - V TPV AVTO smo odlo\u010dni na poti odli\u010dnosti. Prepoznaven na\u010din delovanja in kultura podjetja nas uvr\u0161\u010data med cenjene partnerje.","og_url":"https:\/\/www.tpv-avto.si\/si\/o-nas\/politika-okolja-in-kakovosti\/","og_site_name":"TPV Avto","article_modified_time":"2017-05-16T05:22:25+00:00","og_image":[{"url":"https:\/\/www.tpv-avto.si\/si\/wp-content\/uploads\/sites\/2\/2017\/05\/podpis-Marko-ZADEL.png"}],"twitter_card":"summary","twitter_misc":{"Est. reading time":"3 minute"},"schema":{"@context":"https:\/\/schema.org","@graph":[{"@type":"WebPage","@id":"https:\/\/www.tpv-avto.si\/si\/o-nas\/politika-okolja-in-kakovosti\/","url":"https:\/\/www.tpv-avto.si\/si\/o-nas\/politika-okolja-in-kakovosti\/","name":"Politika okolja in kakovosti - TPV Avto","isPartOf":{"@id":"https:\/\/www.tpv-avto.si\/si\/#website"},"datePublished":"2017-05-11T12:26:50+00:00","dateModified":"2017-05-16T05:22:25+00:00","description":"Politika okolja in kakovosti - V TPV AVTO smo odlo\u010dni na poti odli\u010dnosti. Prepoznaven na\u010din delovanja in kultura podjetja nas uvr\u0161\u010data med cenjene partnerje.","breadcrumb":{"@id":"https:\/\/www.tpv-avto.si\/si\/o-nas\/politika-okolja-in-kakovosti\/#breadcrumb"},"inLanguage":"sl-SI","potentialAction":[{"@type":"ReadAction","target":["https:\/\/www.tpv-avto.si\/si\/o-nas\/politika-okolja-in-kakovosti\/"]}]},{"@type":"BreadcrumbList","@id":"https:\/\/www.tpv-avto.si\/si\/o-nas\/politika-okolja-in-kakovosti\/#breadcrumb","itemListElement":[{"@type":"ListItem","position":1,"name":"Home","item":"https:\/\/www.tpv-avto.si\/si\/"},{"@type":"ListItem","position":2,"name":"O nas","item":"https:\/\/www.tpv-avto.si\/si\/o-nas\/"},{"@type":"ListItem","position":3,"name":"Politika okolja in kakovosti"}]},{"@type":"WebSite","@id":"https:\/\/www.tpv-avto.si\/si\/#website","url":"https:\/\/www.tpv-avto.si\/si\/","name":"TPV Avto","description":"TPV Avto, podjetje za tr\u017eenje in vzdr\u017eevanje vozil","potentialAction":[{"@type":"SearchAction","target":{"@type":"EntryPoint","urlTemplate":"https:\/\/www.tpv-avto.si\/si\/?s={search_term_string}"},"query-input":"required name=search_term_string"}],"inLanguage":"sl-SI"}]}},"_links":{"self":[{"href":"https:\/\/www.tpv-avto.si\/si\/wp-json\/wp\/v2\/pages\/764"}],"collection":[{"href":"https:\/\/www.tpv-avto.si\/si\/wp-json\/wp\/v2\/pages"}],"about":[{"href":"https:\/\/www.tpv-avto.si\/si\/wp-json\/wp\/v2\/types\/page"}],"author":[{"embeddable":true,"href":"https:\/\/www.tpv-avto.si\/si\/wp-json\/wp\/v2\/users\/1"}],"replies":[{"embeddable":true,"href":"https:\/\/www.tpv-avto.si\/si\/wp-json\/wp\/v2\/comments?post=764"}],"version-history":[{"count":9,"href":"https:\/\/www.tpv-avto.si\/si\/wp-json\/wp\/v2\/pages\/764\/revisions"}],"predecessor-version":[{"id":790,"href":"https:\/\/www.tpv-avto.si\/si\/wp-json\/wp\/v2\/pages\/764\/revisions\/790"}],"up":[{"embeddable":true,"href":"https:\/\/www.tpv-avto.si\/si\/wp-json\/wp\/v2\/pages\/61"}],"wp:attachment":[{"href":"https:\/\/www.tpv-avto.si\/si\/wp-json\/wp\/v2\/media?parent=764"}],"curies":[{"name":"wp","href":"https:\/\/api.w.org\/{rel}","templated":true}]}}